{"id":4198,"date":"2026-05-12T11:20:20","date_gmt":"2026-05-12T09:20:20","guid":{"rendered":"https:\/\/cadenity.provesonlinevalles.com\/?page_id=4198"},"modified":"2026-05-13T13:10:34","modified_gmt":"2026-05-13T11:10:34","slug":"resolucion-autonoma-de-incidencia","status":"publish","type":"page","link":"https:\/\/cadenity.provesonlinevalles.com\/en\/resolucion-autonoma-de-incidencia\/","title":{"rendered":"Resoluci\u00f3n Aut\u00f3noma de Incidencia"},"content":{"rendered":"<div data-elementor-type=\"wp-page\" data-elementor-id=\"4198\" class=\"elementor elementor-4198\" data-elementor-post-type=\"page\">\n\t\t\t\t<div class=\"elementor-element elementor-element-f170d55 e-flex e-con-boxed e-con e-parent\" data-id=\"f170d55\" data-element_type=\"container\" data-e-type=\"container\">\n\t\t\t\t\t<div class=\"e-con-inner\">\n\t\t<div class=\"elementor-element elementor-element-6d082d9 e-grid e-con-full e-con e-child\" data-id=\"6d082d9\" data-element_type=\"container\" data-e-type=\"container\">\n\t\t<div class=\"elementor-element elementor-element-b416fd7 e-con-full e-flex e-con e-child\" data-id=\"b416fd7\" data-element_type=\"container\" data-e-type=\"container\">\n\t\t\t\t<div class=\"elementor-element elementor-element-11c7f73 elementor-widget elementor-widget-heading\" data-id=\"11c7f73\" data-element_type=\"widget\" data-e-type=\"widget\" data-widget_type=\"heading.default\">\n\t\t\t\t\t<span class=\"elementor-heading-title elementor-size-default\">Resoluci\u00f3n Aut\u00f3noma de Incidencia<\/span>\t\t\t\t<\/div>\n\t\t\t\t<div class=\"elementor-element elementor-element-f164982 animated-slow elementor-invisible elementor-widget elementor-widget-heading\" data-id=\"f164982\" data-element_type=\"widget\" data-e-type=\"widget\" data-settings=\"{&quot;_animation&quot;:&quot;fadeIn&quot;,&quot;_animation_delay&quot;:50}\" data-widget_type=\"heading.default\">\n\t\t\t\t\t<h1 class=\"elementor-heading-title elementor-size-default\">Resoluci\u00f3n autom\u00e1tica de incidencias log\u00edsticas, de la alerta a la acci\u00f3n en segundos<\/h1>\t\t\t\t<\/div>\n\t\t\t\t<\/div>\n\t\t\t\t<\/div>\n\t\t\t\t\t<\/div>\n\t\t\t\t<\/div>\n\t\t\t\t<\/div>","protected":false},"excerpt":{"rendered":"<p>Resoluci\u00f3n Aut\u00f3noma de Incidencia Resoluci\u00f3n autom\u00e1tica de incidencias log\u00edsticas, de la alerta a la acci\u00f3n en segundos<\/p>","protected":false},"author":2,"featured_media":0,"parent":0,"menu_order":0,"comment_status":"closed","ping_status":"closed","template":"elementor_header_footer","meta":{"_acf_changed":false,"footnotes":""},"class_list":["post-4198","page","type-page","status-publish","hentry"],"acf":[],"_links":{"self":[{"href":"https:\/\/cadenity.provesonlinevalles.com\/en\/wp-json\/wp\/v2\/pages\/4198","targetHints":{"allow":["GET"]}}],"collection":[{"href":"https:\/\/cadenity.provesonlinevalles.com\/en\/wp-json\/wp\/v2\/pages"}],"about":[{"href":"https:\/\/cadenity.provesonlinevalles.com\/en\/wp-json\/wp\/v2\/types\/page"}],"author":[{"embeddable":true,"href":"https:\/\/cadenity.provesonlinevalles.com\/en\/wp-json\/wp\/v2\/users\/2"}],"replies":[{"embeddable":true,"href":"https:\/\/cadenity.provesonlinevalles.com\/en\/wp-json\/wp\/v2\/comments?post=4198"}],"version-history":[{"count":7,"href":"https:\/\/cadenity.provesonlinevalles.com\/en\/wp-json\/wp\/v2\/pages\/4198\/revisions"}],"predecessor-version":[{"id":4339,"href":"https:\/\/cadenity.provesonlinevalles.com\/en\/wp-json\/wp\/v2\/pages\/4198\/revisions\/4339"}],"wp:attachment":[{"href":"https:\/\/cadenity.provesonlinevalles.com\/en\/wp-json\/wp\/v2\/media?parent=4198"}],"curies":[{"name":"wp","href":"https:\/\/api.w.org\/{rel}","templated":true}]}}