{"id":4202,"date":"2026-05-12T11:20:57","date_gmt":"2026-05-12T09:20:57","guid":{"rendered":"https:\/\/cadenity.provesonlinevalles.com\/?page_id=4202"},"modified":"2026-05-13T13:07:24","modified_gmt":"2026-05-13T11:07:24","slug":"casos-de-exito","status":"publish","type":"page","link":"https:\/\/cadenity.provesonlinevalles.com\/en\/casos-de-exito\/","title":{"rendered":"Casos de \u00c9xito"},"content":{"rendered":"<div data-elementor-type=\"wp-page\" data-elementor-id=\"4202\" class=\"elementor elementor-4202\" data-elementor-post-type=\"page\">\n\t\t\t\t<div class=\"elementor-element elementor-element-069a397 e-flex e-con-boxed e-con e-parent\" data-id=\"069a397\" data-element_type=\"container\" data-e-type=\"container\">\n\t\t\t\t\t<div class=\"e-con-inner\">\n\t\t<div class=\"elementor-element elementor-element-1050028 e-grid e-con-full e-con e-child\" data-id=\"1050028\" data-element_type=\"container\" data-e-type=\"container\">\n\t\t<div class=\"elementor-element elementor-element-09408c0 e-con-full e-flex e-con e-child\" data-id=\"09408c0\" data-element_type=\"container\" data-e-type=\"container\">\n\t\t\t\t<div class=\"elementor-element elementor-element-6768c96 elementor-widget elementor-widget-heading\" data-id=\"6768c96\" data-element_type=\"widget\" data-e-type=\"widget\" data-widget_type=\"heading.default\">\n\t\t\t\t\t<span class=\"elementor-heading-title elementor-size-default\">CASOS DE \u00c9XITO<\/span>\t\t\t\t<\/div>\n\t\t\t\t<div class=\"elementor-element elementor-element-4a4f92d animated-slow elementor-invisible elementor-widget elementor-widget-heading\" data-id=\"4a4f92d\" data-element_type=\"widget\" data-e-type=\"widget\" data-settings=\"{&quot;_animation&quot;:&quot;fadeIn&quot;,&quot;_animation_delay&quot;:50}\" data-widget_type=\"heading.default\">\n\t\t\t\t\t<h1 class=\"elementor-heading-title elementor-size-default\">Resultados reales, c\u00f3mo Cadenity transforma la operativa log\u00edstica<\/h1>\t\t\t\t<\/div>\n\t\t\t\t<\/div>\n\t\t\t\t<\/div>\n\t\t\t\t\t<\/div>\n\t\t\t\t<\/div>\n\t\t\t\t<\/div>","protected":false},"excerpt":{"rendered":"<p>CASOS DE \u00c9XITO Resultados reales, c\u00f3mo Cadenity transforma la operativa log\u00edstica<\/p>","protected":false},"author":2,"featured_media":0,"parent":0,"menu_order":0,"comment_status":"closed","ping_status":"closed","template":"elementor_header_footer","meta":{"_acf_changed":false,"footnotes":""},"class_list":["post-4202","page","type-page","status-publish","hentry"],"acf":[],"_links":{"self":[{"href":"https:\/\/cadenity.provesonlinevalles.com\/en\/wp-json\/wp\/v2\/pages\/4202","targetHints":{"allow":["GET"]}}],"collection":[{"href":"https:\/\/cadenity.provesonlinevalles.com\/en\/wp-json\/wp\/v2\/pages"}],"about":[{"href":"https:\/\/cadenity.provesonlinevalles.com\/en\/wp-json\/wp\/v2\/types\/page"}],"author":[{"embeddable":true,"href":"https:\/\/cadenity.provesonlinevalles.com\/en\/wp-json\/wp\/v2\/users\/2"}],"replies":[{"embeddable":true,"href":"https:\/\/cadenity.provesonlinevalles.com\/en\/wp-json\/wp\/v2\/comments?post=4202"}],"version-history":[{"count":4,"href":"https:\/\/cadenity.provesonlinevalles.com\/en\/wp-json\/wp\/v2\/pages\/4202\/revisions"}],"predecessor-version":[{"id":4327,"href":"https:\/\/cadenity.provesonlinevalles.com\/en\/wp-json\/wp\/v2\/pages\/4202\/revisions\/4327"}],"wp:attachment":[{"href":"https:\/\/cadenity.provesonlinevalles.com\/en\/wp-json\/wp\/v2\/media?parent=4202"}],"curies":[{"name":"wp","href":"https:\/\/api.w.org\/{rel}","templated":true}]}}