{"id":4188,"date":"2026-05-12T11:17:41","date_gmt":"2026-05-12T09:17:41","guid":{"rendered":"https:\/\/cadenity.provesonlinevalles.com\/?page_id=4188"},"modified":"2026-05-13T13:11:15","modified_gmt":"2026-05-13T11:11:15","slug":"sobre-nosotros","status":"publish","type":"page","link":"https:\/\/cadenity.provesonlinevalles.com\/es\/sobre-nosotros\/","title":{"rendered":"Sobre Nosotros"},"content":{"rendered":"<div data-elementor-type=\"wp-page\" data-elementor-id=\"4188\" class=\"elementor elementor-4188\" data-elementor-post-type=\"page\">\n\t\t\t\t<div class=\"elementor-element elementor-element-2421bee e-flex e-con-boxed e-con e-parent\" data-id=\"2421bee\" data-element_type=\"container\" data-e-type=\"container\">\n\t\t\t\t\t<div class=\"e-con-inner\">\n\t\t<div class=\"elementor-element elementor-element-d0110bd e-grid e-con-full e-con e-child\" data-id=\"d0110bd\" data-element_type=\"container\" data-e-type=\"container\">\n\t\t<div class=\"elementor-element elementor-element-2d8d4ef e-con-full e-flex e-con e-child\" data-id=\"2d8d4ef\" data-element_type=\"container\" data-e-type=\"container\">\n\t\t\t\t<div class=\"elementor-element elementor-element-835a2c6 elementor-widget elementor-widget-heading\" data-id=\"835a2c6\" data-element_type=\"widget\" data-e-type=\"widget\" data-widget_type=\"heading.default\">\n\t\t\t\t\t<span class=\"elementor-heading-title elementor-size-default\">Sobre Nosotros<\/span>\t\t\t\t<\/div>\n\t\t\t\t<div class=\"elementor-element elementor-element-d77f10f animated-slow elementor-invisible elementor-widget elementor-widget-heading\" data-id=\"d77f10f\" data-element_type=\"widget\" data-e-type=\"widget\" data-settings=\"{&quot;_animation&quot;:&quot;fadeIn&quot;,&quot;_animation_delay&quot;:50}\" data-widget_type=\"heading.default\">\n\t\t\t\t\t<h1 class=\"elementor-heading-title elementor-size-default\">El equipo que est\u00e1 reinventando la gesti\u00f3n log\u00edstica con IA<\/h1>\t\t\t\t<\/div>\n\t\t\t\t<\/div>\n\t\t\t\t<\/div>\n\t\t\t\t\t<\/div>\n\t\t\t\t<\/div>\n\t\t\t\t<\/div>","protected":false},"excerpt":{"rendered":"<p>Sobre Nosotros El equipo que est\u00e1 reinventando la gesti\u00f3n log\u00edstica con IA<\/p>","protected":false},"author":2,"featured_media":0,"parent":0,"menu_order":0,"comment_status":"closed","ping_status":"closed","template":"elementor_header_footer","meta":{"_acf_changed":false,"footnotes":""},"class_list":["post-4188","page","type-page","status-publish","hentry"],"acf":[],"_links":{"self":[{"href":"https:\/\/cadenity.provesonlinevalles.com\/es\/wp-json\/wp\/v2\/pages\/4188","targetHints":{"allow":["GET"]}}],"collection":[{"href":"https:\/\/cadenity.provesonlinevalles.com\/es\/wp-json\/wp\/v2\/pages"}],"about":[{"href":"https:\/\/cadenity.provesonlinevalles.com\/es\/wp-json\/wp\/v2\/types\/page"}],"author":[{"embeddable":true,"href":"https:\/\/cadenity.provesonlinevalles.com\/es\/wp-json\/wp\/v2\/users\/2"}],"replies":[{"embeddable":true,"href":"https:\/\/cadenity.provesonlinevalles.com\/es\/wp-json\/wp\/v2\/comments?post=4188"}],"version-history":[{"count":7,"href":"https:\/\/cadenity.provesonlinevalles.com\/es\/wp-json\/wp\/v2\/pages\/4188\/revisions"}],"predecessor-version":[{"id":4342,"href":"https:\/\/cadenity.provesonlinevalles.com\/es\/wp-json\/wp\/v2\/pages\/4188\/revisions\/4342"}],"wp:attachment":[{"href":"https:\/\/cadenity.provesonlinevalles.com\/es\/wp-json\/wp\/v2\/media?parent=4188"}],"curies":[{"name":"wp","href":"https:\/\/api.w.org\/{rel}","templated":true}]}}